{"id":25,"date":"2025-11-25T10:16:11","date_gmt":"2025-11-25T09:16:11","guid":{"rendered":"https:\/\/cidns.es\/lleticia\/?page_id=25"},"modified":"2026-01-20T12:38:31","modified_gmt":"2026-01-20T11:38:31","slug":"politica-de-cookies","status":"publish","type":"page","link":"https:\/\/cidns.es\/lleticia\/politica-de-cookies\/","title":{"rendered":"Pol\u00edtica de Cookies \u2758 Limpiezas Leticia"},"content":{"rendered":"\t\t<div data-elementor-type=\"wp-page\" data-elementor-id=\"25\" class=\"elementor elementor-25\" data-elementor-post-type=\"page\">\n\t\t\t\t<div class=\"elementor-element elementor-element-961cf41 e-flex e-con-boxed e-con e-parent\" data-id=\"961cf41\" data-element_type=\"container\" data-e-type=\"container\">\n\t\t\t\t\t<div class=\"e-con-inner\">\n\t\t\t\t<div class=\"elementor-element elementor-element-55e942d elementor-widget elementor-widget-heading\" data-id=\"55e942d\" data-element_type=\"widget\" data-e-type=\"widget\" data-widget_type=\"heading.default\">\n\t\t\t\t\t<h2 class=\"elementor-heading-title elementor-size-default\">Pol\u00edtica de Cookies \u2758 Limpiezas Leticia\n<\/h2>\t\t\t\t<\/div>\n\t\t\t\t<div class=\"elementor-element elementor-element-f32e3b9 elementor-widget elementor-widget-text-editor\" data-id=\"f32e3b9\" data-element_type=\"widget\" data-e-type=\"widget\" data-widget_type=\"text-editor.default\">\n\t\t\t\t\t\t\t\t\t<p data-start=\"2805\" data-end=\"2927\">Este sitio web utiliza cookies propias y de terceros (Google Analytics, Meta Pixel, Google Tag Manager, entre otras) para:<\/p><ul data-start=\"2929\" data-end=\"3056\"><li data-start=\"2929\" data-end=\"2971\"><p data-start=\"2931\" data-end=\"2971\">Analizar el comportamiento de navegaci\u00f3n<\/p><\/li><li data-start=\"2972\" data-end=\"3007\"><p data-start=\"2974\" data-end=\"3007\">Mejorar la experiencia de usuario<\/p><\/li><li data-start=\"3008\" data-end=\"3056\"><p data-start=\"3010\" data-end=\"3056\">Medir el rendimiento de campa\u00f1as publicitarias<\/p><\/li><\/ul><p data-start=\"3058\" data-end=\"3089\"><strong data-start=\"3058\" data-end=\"3089\">Tipos de cookies utilizadas<\/strong><\/p><ul data-start=\"3091\" data-end=\"3287\"><li data-start=\"3091\" data-end=\"3150\"><p data-start=\"3093\" data-end=\"3150\"><strong data-start=\"3093\" data-end=\"3106\">T\u00e9cnicas:<\/strong>\u00a0necesarias para el funcionamiento del sitio<\/p><\/li><li data-start=\"3151\" data-end=\"3222\"><p data-start=\"3153\" data-end=\"3222\"><strong data-start=\"3153\" data-end=\"3168\">Anal\u00edticas:<\/strong>\u00a0permiten el seguimiento y an\u00e1lisis del comportamiento<\/p><\/li><li data-start=\"3223\" data-end=\"3287\"><p data-start=\"3225\" data-end=\"3287\"><strong data-start=\"3225\" data-end=\"3243\">Publicitarias:<\/strong>\u00a0gestionadas por terceros como Meta o Google<\/p><\/li><\/ul><p data-start=\"3289\" data-end=\"3306\"><strong data-start=\"3289\" data-end=\"3306\">Configuraci\u00f3n<\/strong><\/p><p data-start=\"3308\" data-end=\"3453\">Puedes aceptar, rechazar o configurar las cookies desde el banner de aviso inicial. Tambi\u00e9n puedes modificar tus preferencias desde tu navegador. O desde este enlace: Cookies.<\/p><p data-start=\"3455\" data-end=\"3472\"><strong data-start=\"3455\" data-end=\"3472\">Desactivaci\u00f3n<\/strong><\/p><p data-start=\"3474\" data-end=\"3609\">Puedes eliminar o bloquear cookies desde la configuraci\u00f3n de tu navegador. Si lo haces, algunas funcionalidades pueden verse afectadas.\u00a0<\/p><p data-start=\"3474\" data-end=\"3609\">Tambi\u00e9n puedes editar la configuraci\u00f3n desde el bot\u00f3n de Cookies, abajo a la derecha.<\/p>\t\t\t\t\t\t\t\t<\/div>\n\t\t\t\t<div class=\"elementor-element elementor-element-551bfea elementor-align-right elementor-hidden-mobile elementor-widget elementor-widget-button\" data-id=\"551bfea\" data-element_type=\"widget\" data-e-type=\"widget\" data-settings=\"{&quot;motion_fx_motion_fx_scrolling&quot;:&quot;yes&quot;,&quot;motion_fx_opacity_effect&quot;:&quot;yes&quot;,&quot;motion_fx_opacity_range&quot;:{&quot;unit&quot;:&quot;%&quot;,&quot;size&quot;:&quot;&quot;,&quot;sizes&quot;:{&quot;start&quot;:54,&quot;end&quot;:66}},&quot;motion_fx_opacity_direction&quot;:&quot;out-in&quot;,&quot;motion_fx_opacity_level&quot;:{&quot;unit&quot;:&quot;px&quot;,&quot;size&quot;:10,&quot;sizes&quot;:[]},&quot;motion_fx_devices&quot;:[&quot;desktop&quot;,&quot;tablet&quot;,&quot;mobile&quot;]}\" data-widget_type=\"button.default\">\n\t\t\t\t\t\t\t\t\t\t<a class=\"elementor-button elementor-button-link elementor-size-sm\" href=\"#\">\n\t\t\t\t\t\t<span class=\"elementor-button-content-wrapper\">\n\t\t\t\t\t\t<span class=\"elementor-button-icon\">\n\t\t\t\t<svg aria-hidden=\"true\" class=\"e-font-icon-svg e-far-arrow-alt-circle-up\" viewBox=\"0 0 512 512\" xmlns=\"http:\/\/www.w3.org\/2000\/svg\"><path d=\"M256 504c137 0 248-111 248-248S393 8 256 8 8 119 8 256s111 248 248 248zm0-448c110.5 0 200 89.5 200 200s-89.5 200-200 200S56 366.5 56 256 145.5 56 256 56zm20 328h-40c-6.6 0-12-5.4-12-12V256h-67c-10.7 0-16-12.9-8.5-20.5l99-99c4.7-4.7 12.3-4.7 17 0l99 99c7.6 7.6 2.2 20.5-8.5 20.5h-67v116c0 6.6-5.4 12-12 12z\"><\/path><\/svg>\t\t\t<\/span>\n\t\t\t\t\t\t\t\t<\/span>\n\t\t\t\t\t<\/a>\n\t\t\t\t\t\t\t\t<\/div>\n\t\t\t\t\t<\/div>\n\t\t\t\t<\/div>\n\t\t\t\t<\/div>\n\t\t","protected":false},"excerpt":{"rendered":"<p>Pol\u00edtica de Cookies \u2758 Limpiezas Leticia Este sitio web utiliza cookies propias y de terceros (Google Analytics, Meta Pixel, Google Tag Manager, entre otras) para: Analizar el comportamiento de navegaci\u00f3n Mejorar la experiencia de usuario Medir el rendimiento de campa\u00f1as publicitarias Tipos de cookies utilizadas T\u00e9cnicas:\u00a0necesarias para el funcionamiento del sitio Anal\u00edticas:\u00a0permiten el seguimiento y [&hellip;]<\/p>\n","protected":false},"author":1,"featured_media":0,"parent":0,"menu_order":0,"comment_status":"closed","ping_status":"closed","template":"","meta":{"footnotes":""},"class_list":["post-25","page","type-page","status-publish","hentry"],"_links":{"self":[{"href":"https:\/\/cidns.es\/lleticia\/wp-json\/wp\/v2\/pages\/25","targetHints":{"allow":["GET"]}}],"collection":[{"href":"https:\/\/cidns.es\/lleticia\/wp-json\/wp\/v2\/pages"}],"about":[{"href":"https:\/\/cidns.es\/lleticia\/wp-json\/wp\/v2\/types\/page"}],"author":[{"embeddable":true,"href":"https:\/\/cidns.es\/lleticia\/wp-json\/wp\/v2\/users\/1"}],"replies":[{"embeddable":true,"href":"https:\/\/cidns.es\/lleticia\/wp-json\/wp\/v2\/comments?post=25"}],"version-history":[{"count":23,"href":"https:\/\/cidns.es\/lleticia\/wp-json\/wp\/v2\/pages\/25\/revisions"}],"predecessor-version":[{"id":703,"href":"https:\/\/cidns.es\/lleticia\/wp-json\/wp\/v2\/pages\/25\/revisions\/703"}],"wp:attachment":[{"href":"https:\/\/cidns.es\/lleticia\/wp-json\/wp\/v2\/media?parent=25"}],"curies":[{"name":"wp","href":"https:\/\/api.w.org\/{rel}","templated":true}]}}