{"id":78,"date":"2025-11-25T10:22:10","date_gmt":"2025-11-25T09:22:10","guid":{"rendered":"https:\/\/cidns.es\/lleticia\/?page_id=78"},"modified":"2026-01-20T13:01:25","modified_gmt":"2026-01-20T12:01:25","slug":"terminos-de-uso-y-condiciones","status":"publish","type":"page","link":"https:\/\/cidns.es\/lleticia\/terminos-de-uso-y-condiciones\/","title":{"rendered":"T\u00e9rminos de uso y condiciones \u2758 Limpiezas Leticia"},"content":{"rendered":"\t\t<div data-elementor-type=\"wp-page\" data-elementor-id=\"78\" class=\"elementor elementor-78\" data-elementor-post-type=\"page\">\n\t\t\t\t<div class=\"elementor-element elementor-element-1a972eb e-flex e-con-boxed e-con e-parent\" data-id=\"1a972eb\" data-element_type=\"container\" data-e-type=\"container\">\n\t\t\t\t\t<div class=\"e-con-inner\">\n\t\t\t\t<div class=\"elementor-element elementor-element-e9b2e0f elementor-widget elementor-widget-heading\" data-id=\"e9b2e0f\" data-element_type=\"widget\" data-e-type=\"widget\" data-widget_type=\"heading.default\">\n\t\t\t\t\t<h2 class=\"elementor-heading-title elementor-size-default\">T\u00e9rminos de uso y condiciones \u2758 Limpiezas Leticia\n<\/h2>\t\t\t\t<\/div>\n\t\t\t\t<div class=\"elementor-element elementor-element-f139368 elementor-widget elementor-widget-text-editor\" data-id=\"f139368\" data-element_type=\"widget\" data-e-type=\"widget\" data-widget_type=\"text-editor.default\">\n\t\t\t\t\t\t\t\t\t<p data-start=\"3656\" data-end=\"3689\"><strong data-start=\"3656\" data-end=\"3689\">Objeto y \u00e1mbito de aplicaci\u00f3n<\/strong><\/p><p data-start=\"3691\" data-end=\"3882\">Estas condiciones regulan el acceso y uso del sitio web\u00a0<a href=\"https:\/\/cidns.es\/lleticia\/\">https:\/\/cidns.es\/lleticia\/<\/a>\u00a0, cuyo titular es Francisco Carballar Garc\u00eda. El uso del sitio implica la aceptaci\u00f3n plena de estas condiciones.<\/p><p data-start=\"3884\" data-end=\"3906\"><strong data-start=\"3884\" data-end=\"3906\">Condiciones de uso<\/strong><\/p><p data-start=\"3908\" data-end=\"4022\">El usuario se compromete a utilizar el sitio web de forma l\u00edcita, respetuosa y conforme a la ley. Queda prohibido:<\/p><ul data-start=\"4024\" data-end=\"4192\"><li data-start=\"4024\" data-end=\"4081\"><p data-start=\"4026\" data-end=\"4081\">Usar los contenidos con fines il\u00edcitos o no autorizados<\/p><\/li><li data-start=\"4082\" data-end=\"4127\"><p data-start=\"4084\" data-end=\"4127\">Introducir software malicioso, spam o virus<\/p><\/li><li data-start=\"4128\" data-end=\"4192\"><p data-start=\"4130\" data-end=\"4192\">Reproducir, distribuir o modificar contenidos sin autorizaci\u00f3n<\/p><\/li><\/ul><p data-start=\"4194\" data-end=\"4217\"><strong data-start=\"4194\" data-end=\"4217\">Servicios ofrecidos<\/strong><\/p><p data-start=\"4219\" data-end=\"4404\">Nosvira ofrece servicios relacionados con la viralizaci\u00f3n de contenido, creaci\u00f3n digital y dise\u00f1o web. En el futuro podr\u00e1n ampliarse o modificarse los servicios sin previo aviso.<\/p><p data-start=\"4406\" data-end=\"4424\"><strong data-start=\"4406\" data-end=\"4424\">Modificaciones<\/strong><\/p><p data-start=\"4426\" data-end=\"4551\">Nosvira podr\u00e1 modificar en cualquier momento las presentes condiciones, as\u00ed como los contenidos y servicios del sitio.<\/p><p data-start=\"4553\" data-end=\"4579\"><strong data-start=\"4553\" data-end=\"4579\">Exclusi\u00f3n de garant\u00edas<\/strong><\/p><p data-start=\"4581\" data-end=\"4723\">No se garantiza la disponibilidad permanente del sitio ni la ausencia de errores, aunque se intentar\u00e1 corregirlos a la mayor brevedad posible.<\/p>\t\t\t\t\t\t\t\t<\/div>\n\t\t\t\t<div class=\"elementor-element elementor-element-23a5c31 elementor-align-right elementor-hidden-mobile elementor-widget elementor-widget-button\" data-id=\"23a5c31\" data-element_type=\"widget\" data-e-type=\"widget\" data-settings=\"{&quot;motion_fx_motion_fx_scrolling&quot;:&quot;yes&quot;,&quot;motion_fx_opacity_effect&quot;:&quot;yes&quot;,&quot;motion_fx_opacity_range&quot;:{&quot;unit&quot;:&quot;%&quot;,&quot;size&quot;:&quot;&quot;,&quot;sizes&quot;:{&quot;start&quot;:54,&quot;end&quot;:81}},&quot;motion_fx_opacity_direction&quot;:&quot;out-in&quot;,&quot;motion_fx_opacity_level&quot;:{&quot;unit&quot;:&quot;px&quot;,&quot;size&quot;:10,&quot;sizes&quot;:[]},&quot;motion_fx_devices&quot;:[&quot;desktop&quot;,&quot;tablet&quot;,&quot;mobile&quot;]}\" data-widget_type=\"button.default\">\n\t\t\t\t\t\t\t\t\t\t<a class=\"elementor-button elementor-button-link elementor-size-sm\" href=\"#\">\n\t\t\t\t\t\t<span class=\"elementor-button-content-wrapper\">\n\t\t\t\t\t\t<span class=\"elementor-button-icon\">\n\t\t\t\t<svg aria-hidden=\"true\" class=\"e-font-icon-svg e-far-arrow-alt-circle-up\" viewBox=\"0 0 512 512\" xmlns=\"http:\/\/www.w3.org\/2000\/svg\"><path d=\"M256 504c137 0 248-111 248-248S393 8 256 8 8 119 8 256s111 248 248 248zm0-448c110.5 0 200 89.5 200 200s-89.5 200-200 200S56 366.5 56 256 145.5 56 256 56zm20 328h-40c-6.6 0-12-5.4-12-12V256h-67c-10.7 0-16-12.9-8.5-20.5l99-99c4.7-4.7 12.3-4.7 17 0l99 99c7.6 7.6 2.2 20.5-8.5 20.5h-67v116c0 6.6-5.4 12-12 12z\"><\/path><\/svg>\t\t\t<\/span>\n\t\t\t\t\t\t\t\t<\/span>\n\t\t\t\t\t<\/a>\n\t\t\t\t\t\t\t\t<\/div>\n\t\t\t\t\t<\/div>\n\t\t\t\t<\/div>\n\t\t<div class=\"elementor-element elementor-element-98c2ec7 e-flex e-con-boxed e-con e-parent\" data-id=\"98c2ec7\" data-element_type=\"container\" data-e-type=\"container\">\n\t\t\t\t\t<div class=\"e-con-inner\">\n\t\t\t\t\t<\/div>\n\t\t\t\t<\/div>\n\t\t\t\t<\/div>\n\t\t","protected":false},"excerpt":{"rendered":"<p>T\u00e9rminos de uso y condiciones \u2758 Limpiezas Leticia Objeto y \u00e1mbito de aplicaci\u00f3n Estas condiciones regulan el acceso y uso del sitio web\u00a0https:\/\/cidns.es\/lleticia\/\u00a0, cuyo titular es Francisco Carballar Garc\u00eda. El uso del sitio implica la aceptaci\u00f3n plena de estas condiciones. Condiciones de uso El usuario se compromete a utilizar el sitio web de forma l\u00edcita, [&hellip;]<\/p>\n","protected":false},"author":3,"featured_media":0,"parent":0,"menu_order":0,"comment_status":"closed","ping_status":"closed","template":"","meta":{"footnotes":""},"class_list":["post-78","page","type-page","status-publish","hentry"],"_links":{"self":[{"href":"https:\/\/cidns.es\/lleticia\/wp-json\/wp\/v2\/pages\/78","targetHints":{"allow":["GET"]}}],"collection":[{"href":"https:\/\/cidns.es\/lleticia\/wp-json\/wp\/v2\/pages"}],"about":[{"href":"https:\/\/cidns.es\/lleticia\/wp-json\/wp\/v2\/types\/page"}],"author":[{"embeddable":true,"href":"https:\/\/cidns.es\/lleticia\/wp-json\/wp\/v2\/users\/3"}],"replies":[{"embeddable":true,"href":"https:\/\/cidns.es\/lleticia\/wp-json\/wp\/v2\/comments?post=78"}],"version-history":[{"count":20,"href":"https:\/\/cidns.es\/lleticia\/wp-json\/wp\/v2\/pages\/78\/revisions"}],"predecessor-version":[{"id":732,"href":"https:\/\/cidns.es\/lleticia\/wp-json\/wp\/v2\/pages\/78\/revisions\/732"}],"wp:attachment":[{"href":"https:\/\/cidns.es\/lleticia\/wp-json\/wp\/v2\/media?parent=78"}],"curies":[{"name":"wp","href":"https:\/\/api.w.org\/{rel}","templated":true}]}}